{"id":404,"date":"2021-01-27T12:05:12","date_gmt":"2021-01-27T12:05:12","guid":{"rendered":"http:\/\/swiatlodow.pl\/?page_id=404"},"modified":"2021-02-04T12:44:10","modified_gmt":"2021-02-04T12:44:10","slug":"polewy","status":"publish","type":"page","link":"https:\/\/swiatlodow.pl\/en\/polewy\/","title":{"rendered":"Freezing icings"},"content":{"rendered":"<div data-elementor-type=\"wp-page\" data-elementor-id=\"404\" class=\"elementor elementor-404\" data-elementor-settings=\"[]\">\n\t\t\t\t\t\t<div class=\"elementor-inner\">\n\t\t\t\t\t\t\t<div class=\"elementor-section-wrap\">\n\t\t\t\t\t\t\t<section class=\"elementor-section elementor-top-section elementor-element elementor-element-53e7410 elementor-section-stretched elementor-section-boxed elementor-section-height-default elementor-section-height-default\" data-id=\"53e7410\" data-element_type=\"section\" data-settings=\"{&quot;stretch_section&quot;:&quot;section-stretched&quot;}\">\n\t\t\t\t\t\t<div class=\"elementor-container elementor-column-gap-default\">\n\t\t\t\t\t\t\t<div class=\"elementor-row\">\n\t\t\t\t\t<div class=\"elementor-column elementor-col-33 elementor-top-column elementor-element elementor-element-1cac67f\" data-id=\"1cac67f\" data-element_type=\"column\">\n\t\t\t<div class=\"elementor-column-wrap elementor-element-populated\">\n\t\t\t\t\t\t\t<div class=\"elementor-widget-wrap\">\n\t\t\t\t\t\t<div class=\"elementor-element elementor-element-e1b5515 elementor-widget elementor-widget-image\" data-id=\"e1b5515\" data-element_type=\"widget\" data-widget_type=\"image.default\">\n\t\t\t\t<div class=\"elementor-widget-container\">\n\t\t\t\t\t\t\t\t<div class=\"elementor-image\">\n\t\t\t\t\t\t\t\t\t\t\t\t<img loading=\"lazy\" decoding=\"async\" width=\"216\" height=\"347\" src=\"https:\/\/swiatlodow.pl\/wp-content\/uploads\/2021\/02\/home_polewy.png\" class=\"attachment-large size-large\" alt=\"\" srcset=\"https:\/\/swiatlodow.pl\/wp-content\/uploads\/2021\/02\/home_polewy.png 216w, https:\/\/swiatlodow.pl\/wp-content\/uploads\/2021\/02\/home_polewy-187x300.png 187w, https:\/\/swiatlodow.pl\/wp-content\/uploads\/2021\/02\/home_polewy-7x12.png 7w\" sizes=\"auto, (max-width: 216px) 100vw, 216px\" \/>\t\t\t\t\t\t\t\t\t\t\t\t\t\t<\/div>\n\t\t\t\t\t\t<\/div>\n\t\t\t\t<\/div>\n\t\t\t\t\t\t<\/div>\n\t\t\t\t\t<\/div>\n\t\t<\/div>\n\t\t\t\t<div class=\"elementor-column elementor-col-66 elementor-top-column elementor-element elementor-element-42bc0d7\" data-id=\"42bc0d7\" data-element_type=\"column\">\n\t\t\t<div class=\"elementor-column-wrap elementor-element-populated\">\n\t\t\t\t\t\t\t<div class=\"elementor-widget-wrap\">\n\t\t\t\t\t\t<section class=\"elementor-section elementor-inner-section elementor-element elementor-element-cf47b4d elementor-section-boxed elementor-section-height-default elementor-section-height-default\" data-id=\"cf47b4d\" data-element_type=\"section\">\n\t\t\t\t\t\t<div class=\"elementor-container elementor-column-gap-default\">\n\t\t\t\t\t\t\t<div class=\"elementor-row\">\n\t\t\t\t\t<div class=\"elementor-column elementor-col-50 elementor-inner-column elementor-element elementor-element-4d2a6f8\" data-id=\"4d2a6f8\" data-element_type=\"column\">\n\t\t\t<div class=\"elementor-column-wrap elementor-element-populated\">\n\t\t\t\t\t\t\t<div class=\"elementor-widget-wrap\">\n\t\t\t\t\t\t<div class=\"elementor-element elementor-element-1039a12 elementor-widget elementor-widget-text-editor\" data-id=\"1039a12\" data-element_type=\"widget\" data-widget_type=\"text-editor.default\">\n\t\t\t\t<div class=\"elementor-widget-container\">\n\t\t\t\t\t\t\t\t<div class=\"elementor-text-editor elementor-clearfix\">\n\t\t\t\t<p>FREEZING ICINGS<\/p>\t\t\t\t\t<\/div>\n\t\t\t\t\t\t<\/div>\n\t\t\t\t<\/div>\n\t\t\t\t<div class=\"elementor-element elementor-element-9da3358 elementor-widget elementor-widget-text-editor\" data-id=\"9da3358\" data-element_type=\"widget\" data-widget_type=\"text-editor.default\">\n\t\t\t\t<div class=\"elementor-widget-container\">\n\t\t\t\t\t\t\t\t<div class=\"elementor-text-editor elementor-clearfix\">\n\t\t\t\tThe melt-in-the-mouth chocolate, sweet raspberry and many other toppings will guarantee an even more unique flavor of the ice cream. Enjoy the subtle vanilla combined with your favorite glaze flavor.\t\t\t\t\t<\/div>\n\t\t\t\t\t\t<\/div>\n\t\t\t\t<\/div>\n\t\t\t\t<div class=\"elementor-element elementor-element-f405b18 elementor-align-center elementor-widget elementor-widget-button\" data-id=\"f405b18\" data-element_type=\"widget\" data-widget_type=\"button.default\">\n\t\t\t\t<div class=\"elementor-widget-container\">\n\t\t\t\t\t<div class=\"elementor-button-wrapper\">\n\t\t\t<a href=\"https:\/\/lody24.pl\/\" class=\"elementor-button-link elementor-button elementor-size-sm elementor-animation-grow\" role=\"button\">\n\t\t\t\t\t\t<span class=\"elementor-button-content-wrapper\">\n\t\t\t\t\t\t<span class=\"elementor-button-text\">ORDER<\/span>\n\t\t<\/span>\n\t\t\t\t\t<\/a>\n\t\t<\/div>\n\t\t\t\t<\/div>\n\t\t\t\t<\/div>\n\t\t\t\t\t\t<\/div>\n\t\t\t\t\t<\/div>\n\t\t<\/div>\n\t\t\t\t<div class=\"elementor-column elementor-col-50 elementor-inner-column elementor-element elementor-element-73ac89f\" data-id=\"73ac89f\" data-element_type=\"column\">\n\t\t\t<div class=\"elementor-column-wrap elementor-element-populated\">\n\t\t\t\t\t\t\t<div class=\"elementor-widget-wrap\">\n\t\t\t\t\t\t<div class=\"elementor-element elementor-element-0fa14dc elementor-widget elementor-widget-image\" data-id=\"0fa14dc\" data-element_type=\"widget\" data-widget_type=\"image.default\">\n\t\t\t\t<div class=\"elementor-widget-container\">\n\t\t\t\t\t\t\t\t<div class=\"elementor-image\">\n\t\t\t\t\t\t\t\t\t\t\t\t<img loading=\"lazy\" decoding=\"async\" width=\"249\" height=\"275\" src=\"https:\/\/swiatlodow.pl\/wp-content\/uploads\/2021\/01\/kartony-polewy.png\" class=\"attachment-medium size-medium\" alt=\"\" srcset=\"https:\/\/swiatlodow.pl\/wp-content\/uploads\/2021\/01\/kartony-polewy.png 249w, https:\/\/swiatlodow.pl\/wp-content\/uploads\/2021\/01\/kartony-polewy-11x12.png 11w\" sizes=\"auto, (max-width: 249px) 100vw, 249px\" \/>\t\t\t\t\t\t\t\t\t\t\t\t\t\t<\/div>\n\t\t\t\t\t\t<\/div>\n\t\t\t\t<\/div>\n\t\t\t\t<div class=\"elementor-element elementor-element-72c9c01 elementor-widget elementor-widget-text-editor\" data-id=\"72c9c01\" data-element_type=\"widget\" data-widget_type=\"text-editor.default\">\n\t\t\t\t<div class=\"elementor-widget-container\">\n\t\t\t\t\t\t\t\t<div class=\"elementor-text-editor elementor-clearfix\">\n\t\t\t\tpackaging 1kg \t\t\t\t\t<\/div>\n\t\t\t\t\t\t<\/div>\n\t\t\t\t<\/div>\n\t\t\t\t\t\t<\/div>\n\t\t\t\t\t<\/div>\n\t\t<\/div>\n\t\t\t\t\t\t\t\t<\/div>\n\t\t\t\t\t<\/div>\n\t\t<\/section>\n\t\t\t\t<div class=\"elementor-element elementor-element-41002a7 elementor-widget elementor-widget-spacer\" data-id=\"41002a7\" data-element_type=\"widget\" data-widget_type=\"spacer.default\">\n\t\t\t\t<div class=\"elementor-widget-container\">\n\t\t\t\t\t<div class=\"elementor-spacer\">\n\t\t\t<div class=\"elementor-spacer-inner\"><\/div>\n\t\t<\/div>\n\t\t\t\t<\/div>\n\t\t\t\t<\/div>\n\t\t\t\t\t\t<\/div>\n\t\t\t\t\t<\/div>\n\t\t<\/div>\n\t\t\t\t\t\t\t\t<\/div>\n\t\t\t\t\t<\/div>\n\t\t<\/section>\n\t\t\t\t<section class=\"elementor-section elementor-top-section elementor-element elementor-element-a85308e elementor-section-stretched elementor-section-boxed elementor-section-height-default elementor-section-height-default\" data-id=\"a85308e\" data-element_type=\"section\" data-settings=\"{&quot;stretch_section&quot;:&quot;section-stretched&quot;}\">\n\t\t\t\t\t\t<div class=\"elementor-container elementor-column-gap-default\">\n\t\t\t\t\t\t\t<div class=\"elementor-row\">\n\t\t\t\t\t<div class=\"elementor-column elementor-col-33 elementor-top-column elementor-element elementor-element-78c8c96\" data-id=\"78c8c96\" data-element_type=\"column\">\n\t\t\t<div class=\"elementor-column-wrap elementor-element-populated\">\n\t\t\t\t\t\t\t<div class=\"elementor-widget-wrap\">\n\t\t\t\t\t\t<div class=\"elementor-element elementor-element-7de2927 elementor-widget elementor-widget-image\" data-id=\"7de2927\" data-element_type=\"widget\" data-widget_type=\"image.default\">\n\t\t\t\t<div class=\"elementor-widget-container\">\n\t\t\t\t\t\t\t\t<div class=\"elementor-image\">\n\t\t\t\t\t\t\t\t\t\t\t\t<img loading=\"lazy\" decoding=\"async\" width=\"260\" height=\"260\" src=\"https:\/\/swiatlodow.pl\/wp-content\/uploads\/2021\/02\/BUBBLE-GUM.jpg\" class=\"attachment-large size-large\" alt=\"\" srcset=\"https:\/\/swiatlodow.pl\/wp-content\/uploads\/2021\/02\/BUBBLE-GUM.jpg 260w, https:\/\/swiatlodow.pl\/wp-content\/uploads\/2021\/02\/BUBBLE-GUM-150x150.jpg 150w, https:\/\/swiatlodow.pl\/wp-content\/uploads\/2021\/02\/BUBBLE-GUM-12x12.jpg 12w\" sizes=\"auto, (max-width: 260px) 100vw, 260px\" \/>\t\t\t\t\t\t\t\t\t\t\t\t\t\t<\/div>\n\t\t\t\t\t\t<\/div>\n\t\t\t\t<\/div>\n\t\t\t\t\t\t<\/div>\n\t\t\t\t\t<\/div>\n\t\t<\/div>\n\t\t\t\t<div class=\"elementor-column elementor-col-33 elementor-top-column elementor-element elementor-element-c796357\" data-id=\"c796357\" data-element_type=\"column\">\n\t\t\t<div class=\"elementor-column-wrap elementor-element-populated\">\n\t\t\t\t\t\t\t<div class=\"elementor-widget-wrap\">\n\t\t\t\t\t\t<div class=\"elementor-element elementor-element-e69a325 elementor-widget elementor-widget-image\" data-id=\"e69a325\" data-element_type=\"widget\" data-widget_type=\"image.default\">\n\t\t\t\t<div class=\"elementor-widget-container\">\n\t\t\t\t\t\t\t\t<div class=\"elementor-image\">\n\t\t\t\t\t\t\t\t\t\t\t\t<img loading=\"lazy\" decoding=\"async\" width=\"260\" height=\"260\" src=\"https:\/\/swiatlodow.pl\/wp-content\/uploads\/2021\/02\/STRAWBERRY.jpg\" class=\"attachment-large size-large\" alt=\"\" srcset=\"https:\/\/swiatlodow.pl\/wp-content\/uploads\/2021\/02\/STRAWBERRY.jpg 260w, https:\/\/swiatlodow.pl\/wp-content\/uploads\/2021\/02\/STRAWBERRY-150x150.jpg 150w, https:\/\/swiatlodow.pl\/wp-content\/uploads\/2021\/02\/STRAWBERRY-12x12.jpg 12w\" sizes=\"auto, (max-width: 260px) 100vw, 260px\" \/>\t\t\t\t\t\t\t\t\t\t\t\t\t\t<\/div>\n\t\t\t\t\t\t<\/div>\n\t\t\t\t<\/div>\n\t\t\t\t\t\t<\/div>\n\t\t\t\t\t<\/div>\n\t\t<\/div>\n\t\t\t\t<div class=\"elementor-column elementor-col-33 elementor-top-column elementor-element elementor-element-4b8192d\" data-id=\"4b8192d\" data-element_type=\"column\">\n\t\t\t<div class=\"elementor-column-wrap elementor-element-populated\">\n\t\t\t\t\t\t\t<div class=\"elementor-widget-wrap\">\n\t\t\t\t\t\t<div class=\"elementor-element elementor-element-33983a0 elementor-widget elementor-widget-image\" data-id=\"33983a0\" data-element_type=\"widget\" data-widget_type=\"image.default\">\n\t\t\t\t<div class=\"elementor-widget-container\">\n\t\t\t\t\t\t\t\t<div class=\"elementor-image\">\n\t\t\t\t\t\t\t\t\t\t\t\t<img loading=\"lazy\" decoding=\"async\" width=\"260\" height=\"260\" src=\"https:\/\/swiatlodow.pl\/wp-content\/uploads\/2021\/02\/GREEN-APPLE.jpg\" class=\"attachment-large size-large\" alt=\"\" srcset=\"https:\/\/swiatlodow.pl\/wp-content\/uploads\/2021\/02\/GREEN-APPLE.jpg 260w, https:\/\/swiatlodow.pl\/wp-content\/uploads\/2021\/02\/GREEN-APPLE-150x150.jpg 150w, https:\/\/swiatlodow.pl\/wp-content\/uploads\/2021\/02\/GREEN-APPLE-12x12.jpg 12w\" sizes=\"auto, (max-width: 260px) 100vw, 260px\" \/>\t\t\t\t\t\t\t\t\t\t\t\t\t\t<\/div>\n\t\t\t\t\t\t<\/div>\n\t\t\t\t<\/div>\n\t\t\t\t\t\t<\/div>\n\t\t\t\t\t<\/div>\n\t\t<\/div>\n\t\t\t\t\t\t\t\t<\/div>\n\t\t\t\t\t<\/div>\n\t\t<\/section>\n\t\t\t\t<section class=\"elementor-section elementor-top-section elementor-element elementor-element-95bbc04 elementor-section-stretched elementor-section-boxed elementor-section-height-default elementor-section-height-default\" data-id=\"95bbc04\" data-element_type=\"section\" data-settings=\"{&quot;stretch_section&quot;:&quot;section-stretched&quot;}\">\n\t\t\t\t\t\t<div class=\"elementor-container elementor-column-gap-default\">\n\t\t\t\t\t\t\t<div class=\"elementor-row\">\n\t\t\t\t\t<div class=\"elementor-column elementor-col-33 elementor-top-column elementor-element elementor-element-fc808c6\" data-id=\"fc808c6\" data-element_type=\"column\">\n\t\t\t<div class=\"elementor-column-wrap elementor-element-populated\">\n\t\t\t\t\t\t\t<div class=\"elementor-widget-wrap\">\n\t\t\t\t\t\t<div class=\"elementor-element elementor-element-d347a28 elementor-widget elementor-widget-image\" data-id=\"d347a28\" data-element_type=\"widget\" data-widget_type=\"image.default\">\n\t\t\t\t<div class=\"elementor-widget-container\">\n\t\t\t\t\t\t\t\t<div class=\"elementor-image\">\n\t\t\t\t\t\t\t\t\t\t\t\t<img loading=\"lazy\" decoding=\"async\" width=\"260\" height=\"260\" src=\"https:\/\/swiatlodow.pl\/wp-content\/uploads\/2021\/02\/BLUEBERRY.jpg\" class=\"attachment-large size-large\" alt=\"\" srcset=\"https:\/\/swiatlodow.pl\/wp-content\/uploads\/2021\/02\/BLUEBERRY.jpg 260w, https:\/\/swiatlodow.pl\/wp-content\/uploads\/2021\/02\/BLUEBERRY-150x150.jpg 150w, https:\/\/swiatlodow.pl\/wp-content\/uploads\/2021\/02\/BLUEBERRY-12x12.jpg 12w\" sizes=\"auto, (max-width: 260px) 100vw, 260px\" \/>\t\t\t\t\t\t\t\t\t\t\t\t\t\t<\/div>\n\t\t\t\t\t\t<\/div>\n\t\t\t\t<\/div>\n\t\t\t\t\t\t<\/div>\n\t\t\t\t\t<\/div>\n\t\t<\/div>\n\t\t\t\t<div class=\"elementor-column elementor-col-33 elementor-top-column elementor-element elementor-element-dae54c9\" data-id=\"dae54c9\" data-element_type=\"column\">\n\t\t\t<div class=\"elementor-column-wrap elementor-element-populated\">\n\t\t\t\t\t\t\t<div class=\"elementor-widget-wrap\">\n\t\t\t\t\t\t<div class=\"elementor-element elementor-element-66a2e1a elementor-widget elementor-widget-image\" data-id=\"66a2e1a\" data-element_type=\"widget\" data-widget_type=\"image.default\">\n\t\t\t\t<div class=\"elementor-widget-container\">\n\t\t\t\t\t\t\t\t<div class=\"elementor-image\">\n\t\t\t\t\t\t\t\t\t\t\t\t<img loading=\"lazy\" decoding=\"async\" width=\"260\" height=\"260\" src=\"https:\/\/swiatlodow.pl\/wp-content\/uploads\/2021\/02\/LEMON.jpg\" class=\"attachment-large size-large\" alt=\"\" srcset=\"https:\/\/swiatlodow.pl\/wp-content\/uploads\/2021\/02\/LEMON.jpg 260w, https:\/\/swiatlodow.pl\/wp-content\/uploads\/2021\/02\/LEMON-150x150.jpg 150w, https:\/\/swiatlodow.pl\/wp-content\/uploads\/2021\/02\/LEMON-12x12.jpg 12w\" sizes=\"auto, (max-width: 260px) 100vw, 260px\" \/>\t\t\t\t\t\t\t\t\t\t\t\t\t\t<\/div>\n\t\t\t\t\t\t<\/div>\n\t\t\t\t<\/div>\n\t\t\t\t\t\t<\/div>\n\t\t\t\t\t<\/div>\n\t\t<\/div>\n\t\t\t\t<div class=\"elementor-column elementor-col-33 elementor-top-column elementor-element elementor-element-4436b8d\" data-id=\"4436b8d\" data-element_type=\"column\">\n\t\t\t<div class=\"elementor-column-wrap elementor-element-populated\">\n\t\t\t\t\t\t\t<div class=\"elementor-widget-wrap\">\n\t\t\t\t\t\t<div class=\"elementor-element elementor-element-5db4674 elementor-widget elementor-widget-image\" data-id=\"5db4674\" data-element_type=\"widget\" data-widget_type=\"image.default\">\n\t\t\t\t<div class=\"elementor-widget-container\">\n\t\t\t\t\t\t\t\t<div class=\"elementor-image\">\n\t\t\t\t\t\t\t\t\t\t\t\t<img loading=\"lazy\" decoding=\"async\" width=\"260\" height=\"260\" src=\"https:\/\/swiatlodow.pl\/wp-content\/uploads\/2021\/02\/toffii.jpg\" class=\"attachment-large size-large\" alt=\"\" srcset=\"https:\/\/swiatlodow.pl\/wp-content\/uploads\/2021\/02\/toffii.jpg 260w, https:\/\/swiatlodow.pl\/wp-content\/uploads\/2021\/02\/toffii-150x150.jpg 150w, https:\/\/swiatlodow.pl\/wp-content\/uploads\/2021\/02\/toffii-12x12.jpg 12w\" sizes=\"auto, (max-width: 260px) 100vw, 260px\" \/>\t\t\t\t\t\t\t\t\t\t\t\t\t\t<\/div>\n\t\t\t\t\t\t<\/div>\n\t\t\t\t<\/div>\n\t\t\t\t\t\t<\/div>\n\t\t\t\t\t<\/div>\n\t\t<\/div>\n\t\t\t\t\t\t\t\t<\/div>\n\t\t\t\t\t<\/div>\n\t\t<\/section>\n\t\t\t\t\t\t<\/div>\n\t\t\t\t\t\t<\/div>\n\t\t\t\t\t<\/div>","protected":false},"excerpt":{"rendered":"<p>POLEWY ZASTYGAJ\u0104CE Rozp\u0142ywaj\u0105ca si\u0119 w ustach czekolada, s\u0142odka malina i wiele innych polew zagwarantuj\u0105 jeszcze bardziej wyj\u0105tkowy smak lod\u00f3w. Delektuj [&hellip;]<\/p>","protected":false},"author":1,"featured_media":0,"parent":0,"menu_order":0,"comment_status":"closed","ping_status":"closed","template":"","meta":{"footnotes":""},"class_list":["post-404","page","type-page","status-publish","hentry"],"_links":{"self":[{"href":"https:\/\/swiatlodow.pl\/en\/wp-json\/wp\/v2\/pages\/404","targetHints":{"allow":["GET"]}}],"collection":[{"href":"https:\/\/swiatlodow.pl\/en\/wp-json\/wp\/v2\/pages"}],"about":[{"href":"https:\/\/swiatlodow.pl\/en\/wp-json\/wp\/v2\/types\/page"}],"author":[{"embeddable":true,"href":"https:\/\/swiatlodow.pl\/en\/wp-json\/wp\/v2\/users\/1"}],"replies":[{"embeddable":true,"href":"https:\/\/swiatlodow.pl\/en\/wp-json\/wp\/v2\/comments?post=404"}],"version-history":[{"count":23,"href":"https:\/\/swiatlodow.pl\/en\/wp-json\/wp\/v2\/pages\/404\/revisions"}],"predecessor-version":[{"id":795,"href":"https:\/\/swiatlodow.pl\/en\/wp-json\/wp\/v2\/pages\/404\/revisions\/795"}],"wp:attachment":[{"href":"https:\/\/swiatlodow.pl\/en\/wp-json\/wp\/v2\/media?parent=404"}],"curies":[{"name":"wp","href":"https:\/\/api.w.org\/{rel}","templated":true}]}}